{"id":20431,"date":"2025-07-31T10:17:35","date_gmt":"2025-07-31T08:17:35","guid":{"rendered":"https:\/\/www.unither-pharma.com\/?page_id=20431"},"modified":"2026-02-04T16:57:17","modified_gmt":"2026-02-04T15:57:17","slug":"newsletter","status":"publish","type":"page","link":"https:\/\/www.unither-pharma.com\/fr\/newsletter\/","title":{"rendered":"Newsletter"},"content":{"rendered":"","protected":false},"excerpt":{"rendered":"","protected":false},"author":1,"featured_media":0,"parent":0,"menu_order":0,"comment_status":"closed","ping_status":"closed","template":"","meta":{"_acf_changed":false,"footnotes":""},"tags":[],"class_list":["post-20431","page","type-page","status-publish","hentry"],"acf":[],"yoast_head":"<!-- This site is optimized with the Yoast SEO plugin v27.2 - https:\/\/yoast.com\/product\/yoast-seo-wordpress\/ -->\n<title>Newsletter | Unither<\/title>\n<meta name=\"description\" content=\"Newsletter d&#039;Unither : actualit\u00e9s industrielles, innovations sant\u00e9, expertises techniques et \u00e9v\u00e9nements du secteur.\" \/>\n<meta name=\"robots\" content=\"index, follow, max-snippet:-1, max-image-preview:large, max-video-preview:-1\" \/>\n<link rel=\"canonical\" href=\"https:\/\/www.unither-pharma.com\/fr\/newsletter\/\" \/>\n<meta property=\"og:locale\" content=\"fr_FR\" \/>\n<meta property=\"og:type\" content=\"article\" \/>\n<meta property=\"og:title\" content=\"Newsletter | Unither\" \/>\n<meta property=\"og:description\" content=\"Newsletter d&#039;Unither : actualit\u00e9s industrielles, innovations sant\u00e9, expertises techniques et \u00e9v\u00e9nements du secteur.\" \/>\n<meta property=\"og:url\" content=\"https:\/\/www.unither-pharma.com\/fr\/newsletter\/\" \/>\n<meta property=\"og:site_name\" content=\"Unither\" \/>\n<meta property=\"article:modified_time\" content=\"2026-02-04T15:57:17+00:00\" \/>\n<meta name=\"twitter:card\" content=\"summary_large_image\" \/>\n<meta name=\"twitter:site\" content=\"@UnitherPharma\" \/>\n<script type=\"application\/ld+json\" class=\"yoast-schema-graph\">{\"@context\":\"https:\/\/schema.org\",\"@graph\":[{\"@type\":\"WebPage\",\"@id\":\"https:\/\/www.unither-pharma.com\/fr\/newsletter\/\",\"url\":\"https:\/\/www.unither-pharma.com\/fr\/newsletter\/\",\"name\":\"Newsletter | Unither\",\"isPartOf\":{\"@id\":\"https:\/\/www.unither-pharma.com\/fr\/#website\"},\"datePublished\":\"2025-07-31T08:17:35+00:00\",\"dateModified\":\"2026-02-04T15:57:17+00:00\",\"description\":\"Newsletter d'Unither : actualit\u00e9s industrielles, innovations sant\u00e9, expertises techniques et \u00e9v\u00e9nements du secteur.\",\"breadcrumb\":{\"@id\":\"https:\/\/www.unither-pharma.com\/fr\/newsletter\/#breadcrumb\"},\"inLanguage\":\"fr-FR\",\"potentialAction\":[{\"@type\":\"ReadAction\",\"target\":[\"https:\/\/www.unither-pharma.com\/fr\/newsletter\/\"]}]},{\"@type\":\"BreadcrumbList\",\"@id\":\"https:\/\/www.unither-pharma.com\/fr\/newsletter\/#breadcrumb\",\"itemListElement\":[{\"@type\":\"ListItem\",\"position\":1,\"name\":\"Home\",\"item\":\"https:\/\/www.unither-pharma.com\/fr\/\"},{\"@type\":\"ListItem\",\"position\":2,\"name\":\"Newsletter\"}]},{\"@type\":\"WebSite\",\"@id\":\"https:\/\/www.unither-pharma.com\/fr\/#website\",\"url\":\"https:\/\/www.unither-pharma.com\/fr\/\",\"name\":\"Unither\",\"description\":\"\",\"publisher\":{\"@id\":\"https:\/\/www.unither-pharma.com\/fr\/#organization\"},\"potentialAction\":[{\"@type\":\"SearchAction\",\"target\":{\"@type\":\"EntryPoint\",\"urlTemplate\":\"https:\/\/www.unither-pharma.com\/fr\/?s={search_term_string}\"},\"query-input\":{\"@type\":\"PropertyValueSpecification\",\"valueRequired\":true,\"valueName\":\"search_term_string\"}}],\"inLanguage\":\"fr-FR\"},{\"@type\":\"Organization\",\"@id\":\"https:\/\/www.unither-pharma.com\/fr\/#organization\",\"name\":\"Unither\",\"url\":\"https:\/\/www.unither-pharma.com\/fr\/\",\"logo\":{\"@type\":\"ImageObject\",\"inLanguage\":\"fr-FR\",\"@id\":\"https:\/\/www.unither-pharma.com\/fr\/#\/schema\/logo\/image\/\",\"url\":\"https:\/\/www.unither-pharma.com\/wp-content\/uploads\/2026\/01\/logo-unither-pharmaceuticals-site-internet.png\",\"contentUrl\":\"https:\/\/www.unither-pharma.com\/wp-content\/uploads\/2026\/01\/logo-unither-pharmaceuticals-site-internet.png\",\"width\":514,\"height\":252,\"caption\":\"Unither\"},\"image\":{\"@id\":\"https:\/\/www.unither-pharma.com\/fr\/#\/schema\/logo\/image\/\"},\"sameAs\":[\"https:\/\/x.com\/UnitherPharma\",\"https:\/\/www.linkedin.com\/company\/unither-pharmaceuticals\/\",\"https:\/\/www.youtube.com\/channel\/UCHaTbYrnICFU1MiLwNsKjMA\"]}]}<\/script>\n<!-- \/ Yoast SEO plugin. -->","yoast_head_json":{"title":"Newsletter | Unither","description":"Newsletter d'Unither : actualit\u00e9s industrielles, innovations sant\u00e9, expertises techniques et \u00e9v\u00e9nements du secteur.","robots":{"index":"index","follow":"follow","max-snippet":"max-snippet:-1","max-image-preview":"max-image-preview:large","max-video-preview":"max-video-preview:-1"},"canonical":"https:\/\/www.unither-pharma.com\/fr\/newsletter\/","og_locale":"fr_FR","og_type":"article","og_title":"Newsletter | Unither","og_description":"Newsletter d'Unither : actualit\u00e9s industrielles, innovations sant\u00e9, expertises techniques et \u00e9v\u00e9nements du secteur.","og_url":"https:\/\/www.unither-pharma.com\/fr\/newsletter\/","og_site_name":"Unither","article_modified_time":"2026-02-04T15:57:17+00:00","twitter_card":"summary_large_image","twitter_site":"@UnitherPharma","schema":{"@context":"https:\/\/schema.org","@graph":[{"@type":"WebPage","@id":"https:\/\/www.unither-pharma.com\/fr\/newsletter\/","url":"https:\/\/www.unither-pharma.com\/fr\/newsletter\/","name":"Newsletter | Unither","isPartOf":{"@id":"https:\/\/www.unither-pharma.com\/fr\/#website"},"datePublished":"2025-07-31T08:17:35+00:00","dateModified":"2026-02-04T15:57:17+00:00","description":"Newsletter d'Unither : actualit\u00e9s industrielles, innovations sant\u00e9, expertises techniques et \u00e9v\u00e9nements du secteur.","breadcrumb":{"@id":"https:\/\/www.unither-pharma.com\/fr\/newsletter\/#breadcrumb"},"inLanguage":"fr-FR","potentialAction":[{"@type":"ReadAction","target":["https:\/\/www.unither-pharma.com\/fr\/newsletter\/"]}]},{"@type":"BreadcrumbList","@id":"https:\/\/www.unither-pharma.com\/fr\/newsletter\/#breadcrumb","itemListElement":[{"@type":"ListItem","position":1,"name":"Home","item":"https:\/\/www.unither-pharma.com\/fr\/"},{"@type":"ListItem","position":2,"name":"Newsletter"}]},{"@type":"WebSite","@id":"https:\/\/www.unither-pharma.com\/fr\/#website","url":"https:\/\/www.unither-pharma.com\/fr\/","name":"Unither","description":"","publisher":{"@id":"https:\/\/www.unither-pharma.com\/fr\/#organization"},"potentialAction":[{"@type":"SearchAction","target":{"@type":"EntryPoint","urlTemplate":"https:\/\/www.unither-pharma.com\/fr\/?s={search_term_string}"},"query-input":{"@type":"PropertyValueSpecification","valueRequired":true,"valueName":"search_term_string"}}],"inLanguage":"fr-FR"},{"@type":"Organization","@id":"https:\/\/www.unither-pharma.com\/fr\/#organization","name":"Unither","url":"https:\/\/www.unither-pharma.com\/fr\/","logo":{"@type":"ImageObject","inLanguage":"fr-FR","@id":"https:\/\/www.unither-pharma.com\/fr\/#\/schema\/logo\/image\/","url":"https:\/\/www.unither-pharma.com\/wp-content\/uploads\/2026\/01\/logo-unither-pharmaceuticals-site-internet.png","contentUrl":"https:\/\/www.unither-pharma.com\/wp-content\/uploads\/2026\/01\/logo-unither-pharmaceuticals-site-internet.png","width":514,"height":252,"caption":"Unither"},"image":{"@id":"https:\/\/www.unither-pharma.com\/fr\/#\/schema\/logo\/image\/"},"sameAs":["https:\/\/x.com\/UnitherPharma","https:\/\/www.linkedin.com\/company\/unither-pharmaceuticals\/","https:\/\/www.youtube.com\/channel\/UCHaTbYrnICFU1MiLwNsKjMA"]}]}},"_links":{"self":[{"href":"https:\/\/www.unither-pharma.com\/fr\/wp-json\/wp\/v2\/pages\/20431","targetHints":{"allow":["GET"]}}],"collection":[{"href":"https:\/\/www.unither-pharma.com\/fr\/wp-json\/wp\/v2\/pages"}],"about":[{"href":"https:\/\/www.unither-pharma.com\/fr\/wp-json\/wp\/v2\/types\/page"}],"author":[{"embeddable":true,"href":"https:\/\/www.unither-pharma.com\/fr\/wp-json\/wp\/v2\/users\/1"}],"replies":[{"embeddable":true,"href":"https:\/\/www.unither-pharma.com\/fr\/wp-json\/wp\/v2\/comments?post=20431"}],"version-history":[{"count":8,"href":"https:\/\/www.unither-pharma.com\/fr\/wp-json\/wp\/v2\/pages\/20431\/revisions"}],"predecessor-version":[{"id":31794,"href":"https:\/\/www.unither-pharma.com\/fr\/wp-json\/wp\/v2\/pages\/20431\/revisions\/31794"}],"wp:attachment":[{"href":"https:\/\/www.unither-pharma.com\/fr\/wp-json\/wp\/v2\/media?parent=20431"}],"wp:term":[{"taxonomy":"post_tag","embeddable":true,"href":"https:\/\/www.unither-pharma.com\/fr\/wp-json\/wp\/v2\/tags?post=20431"}],"curies":[{"name":"wp","href":"https:\/\/api.w.org\/{rel}","templated":true}]}}