{"id":23006,"date":"2025-09-22T10:12:36","date_gmt":"2025-09-22T08:12:36","guid":{"rendered":"https:\/\/www.unither-pharma.com\/?page_id=23006"},"modified":"2026-01-29T11:27:32","modified_gmt":"2026-01-29T10:27:32","slug":"medical-device","status":"publish","type":"page","link":"https:\/\/www.unither-pharma.com\/fr\/licensing-out\/medical-device\/","title":{"rendered":"Dispositifs m\u00e9dicaux"},"content":{"rendered":"","protected":false},"excerpt":{"rendered":"","protected":false},"author":1,"featured_media":27422,"parent":23004,"menu_order":0,"comment_status":"closed","ping_status":"closed","template":"","meta":{"_acf_changed":false,"footnotes":""},"tags":[],"class_list":["post-23006","page","type-page","status-publish","has-post-thumbnail","hentry"],"acf":[],"yoast_head":"<!-- This site is optimized with the Yoast SEO plugin v27.2 - https:\/\/yoast.com\/product\/yoast-seo-wordpress\/ -->\n<title>Licensing-Out Dispositifs M\u00e9dicaux | Solutions Cl\u00e9s en Main | Unither<\/title>\n<meta name=\"description\" content=\"Licensing-out de dispositifs m\u00e9dicaux. Solutions cl\u00e9s en main avec marquage CE pour acc\u00e9l\u00e9rer vos lancements. Catalogue DM disponible.\" \/>\n<meta name=\"robots\" content=\"index, follow, max-snippet:-1, max-image-preview:large, max-video-preview:-1\" \/>\n<link rel=\"canonical\" href=\"https:\/\/www.unither-pharma.com\/fr\/licensing-out\/medical-device\/\" \/>\n<meta property=\"og:locale\" content=\"fr_FR\" \/>\n<meta property=\"og:type\" content=\"article\" \/>\n<meta property=\"og:title\" content=\"Licensing-Out Dispositifs M\u00e9dicaux | Solutions Cl\u00e9s en Main | Unither\" \/>\n<meta property=\"og:description\" content=\"Licensing-out de dispositifs m\u00e9dicaux. Solutions cl\u00e9s en main avec marquage CE pour acc\u00e9l\u00e9rer vos lancements. Catalogue DM disponible.\" \/>\n<meta property=\"og:url\" content=\"https:\/\/www.unither-pharma.com\/fr\/licensing-out\/medical-device\/\" \/>\n<meta property=\"og:site_name\" content=\"Unither\" \/>\n<meta property=\"article:modified_time\" content=\"2026-01-29T10:27:32+00:00\" \/>\n<meta property=\"og:image\" content=\"https:\/\/www.unither-pharma.com\/wp-content\/uploads\/2025\/12\/Banniere-web-25-scaled.jpg\" \/>\n\t<meta property=\"og:image:width\" content=\"2048\" \/>\n\t<meta property=\"og:image:height\" content=\"885\" \/>\n\t<meta property=\"og:image:type\" content=\"image\/jpeg\" \/>\n<meta name=\"twitter:card\" content=\"summary_large_image\" \/>\n<meta name=\"twitter:site\" content=\"@UnitherPharma\" \/>\n<meta name=\"twitter:label1\" content=\"Dur\u00e9e de lecture estim\u00e9e\" \/>\n\t<meta name=\"twitter:data1\" content=\"1 minute\" \/>\n<script type=\"application\/ld+json\" class=\"yoast-schema-graph\">{\"@context\":\"https:\/\/schema.org\",\"@graph\":[{\"@type\":\"WebPage\",\"@id\":\"https:\/\/www.unither-pharma.com\/fr\/licensing-out\/medical-device\/\",\"url\":\"https:\/\/www.unither-pharma.com\/fr\/licensing-out\/medical-device\/\",\"name\":\"Licensing-Out Dispositifs M\u00e9dicaux | Solutions Cl\u00e9s en Main | Unither\",\"isPartOf\":{\"@id\":\"https:\/\/www.unither-pharma.com\/fr\/#website\"},\"primaryImageOfPage\":{\"@id\":\"https:\/\/www.unither-pharma.com\/fr\/licensing-out\/medical-device\/#primaryimage\"},\"image\":{\"@id\":\"https:\/\/www.unither-pharma.com\/fr\/licensing-out\/medical-device\/#primaryimage\"},\"thumbnailUrl\":\"https:\/\/www.unither-pharma.com\/wp-content\/uploads\/2025\/12\/Banniere-web-25-scaled.jpg\",\"datePublished\":\"2025-09-22T08:12:36+00:00\",\"dateModified\":\"2026-01-29T10:27:32+00:00\",\"description\":\"Licensing-out de dispositifs m\u00e9dicaux. Solutions cl\u00e9s en main avec marquage CE pour acc\u00e9l\u00e9rer vos lancements. Catalogue DM disponible.\",\"breadcrumb\":{\"@id\":\"https:\/\/www.unither-pharma.com\/fr\/licensing-out\/medical-device\/#breadcrumb\"},\"inLanguage\":\"fr-FR\",\"potentialAction\":[{\"@type\":\"ReadAction\",\"target\":[\"https:\/\/www.unither-pharma.com\/fr\/licensing-out\/medical-device\/\"]}]},{\"@type\":\"ImageObject\",\"inLanguage\":\"fr-FR\",\"@id\":\"https:\/\/www.unither-pharma.com\/fr\/licensing-out\/medical-device\/#primaryimage\",\"url\":\"https:\/\/www.unither-pharma.com\/wp-content\/uploads\/2025\/12\/Banniere-web-25-scaled.jpg\",\"contentUrl\":\"https:\/\/www.unither-pharma.com\/wp-content\/uploads\/2025\/12\/Banniere-web-25-scaled.jpg\",\"width\":2048,\"height\":885,\"caption\":\"licensing out\"},{\"@type\":\"BreadcrumbList\",\"@id\":\"https:\/\/www.unither-pharma.com\/fr\/licensing-out\/medical-device\/#breadcrumb\",\"itemListElement\":[{\"@type\":\"ListItem\",\"position\":1,\"name\":\"Home\",\"item\":\"https:\/\/www.unither-pharma.com\/fr\/\"},{\"@type\":\"ListItem\",\"position\":2,\"name\":\"Licensing out\",\"item\":\"https:\/\/www.unither-pharma.com\/fr\/licensing-out\/\"},{\"@type\":\"ListItem\",\"position\":3,\"name\":\"Dispositifs m\u00e9dicaux\"}]},{\"@type\":\"WebSite\",\"@id\":\"https:\/\/www.unither-pharma.com\/fr\/#website\",\"url\":\"https:\/\/www.unither-pharma.com\/fr\/\",\"name\":\"Unither\",\"description\":\"\",\"publisher\":{\"@id\":\"https:\/\/www.unither-pharma.com\/fr\/#organization\"},\"potentialAction\":[{\"@type\":\"SearchAction\",\"target\":{\"@type\":\"EntryPoint\",\"urlTemplate\":\"https:\/\/www.unither-pharma.com\/fr\/?s={search_term_string}\"},\"query-input\":{\"@type\":\"PropertyValueSpecification\",\"valueRequired\":true,\"valueName\":\"search_term_string\"}}],\"inLanguage\":\"fr-FR\"},{\"@type\":\"Organization\",\"@id\":\"https:\/\/www.unither-pharma.com\/fr\/#organization\",\"name\":\"Unither\",\"url\":\"https:\/\/www.unither-pharma.com\/fr\/\",\"logo\":{\"@type\":\"ImageObject\",\"inLanguage\":\"fr-FR\",\"@id\":\"https:\/\/www.unither-pharma.com\/fr\/#\/schema\/logo\/image\/\",\"url\":\"https:\/\/www.unither-pharma.com\/wp-content\/uploads\/2026\/01\/logo-unither-pharmaceuticals-site-internet.png\",\"contentUrl\":\"https:\/\/www.unither-pharma.com\/wp-content\/uploads\/2026\/01\/logo-unither-pharmaceuticals-site-internet.png\",\"width\":514,\"height\":252,\"caption\":\"Unither\"},\"image\":{\"@id\":\"https:\/\/www.unither-pharma.com\/fr\/#\/schema\/logo\/image\/\"},\"sameAs\":[\"https:\/\/x.com\/UnitherPharma\",\"https:\/\/www.linkedin.com\/company\/unither-pharmaceuticals\/\",\"https:\/\/www.youtube.com\/channel\/UCHaTbYrnICFU1MiLwNsKjMA\"]}]}<\/script>\n<!-- \/ Yoast SEO plugin. -->","yoast_head_json":{"title":"Licensing-Out Dispositifs M\u00e9dicaux | Solutions Cl\u00e9s en Main | Unither","description":"Licensing-out de dispositifs m\u00e9dicaux. Solutions cl\u00e9s en main avec marquage CE pour acc\u00e9l\u00e9rer vos lancements. Catalogue DM disponible.","robots":{"index":"index","follow":"follow","max-snippet":"max-snippet:-1","max-image-preview":"max-image-preview:large","max-video-preview":"max-video-preview:-1"},"canonical":"https:\/\/www.unither-pharma.com\/fr\/licensing-out\/medical-device\/","og_locale":"fr_FR","og_type":"article","og_title":"Licensing-Out Dispositifs M\u00e9dicaux | Solutions Cl\u00e9s en Main | Unither","og_description":"Licensing-out de dispositifs m\u00e9dicaux. Solutions cl\u00e9s en main avec marquage CE pour acc\u00e9l\u00e9rer vos lancements. Catalogue DM disponible.","og_url":"https:\/\/www.unither-pharma.com\/fr\/licensing-out\/medical-device\/","og_site_name":"Unither","article_modified_time":"2026-01-29T10:27:32+00:00","og_image":[{"width":2048,"height":885,"url":"https:\/\/www.unither-pharma.com\/wp-content\/uploads\/2025\/12\/Banniere-web-25-scaled.jpg","type":"image\/jpeg"}],"twitter_card":"summary_large_image","twitter_site":"@UnitherPharma","twitter_misc":{"Dur\u00e9e de lecture estim\u00e9e":"1 minute"},"schema":{"@context":"https:\/\/schema.org","@graph":[{"@type":"WebPage","@id":"https:\/\/www.unither-pharma.com\/fr\/licensing-out\/medical-device\/","url":"https:\/\/www.unither-pharma.com\/fr\/licensing-out\/medical-device\/","name":"Licensing-Out Dispositifs M\u00e9dicaux | Solutions Cl\u00e9s en Main | Unither","isPartOf":{"@id":"https:\/\/www.unither-pharma.com\/fr\/#website"},"primaryImageOfPage":{"@id":"https:\/\/www.unither-pharma.com\/fr\/licensing-out\/medical-device\/#primaryimage"},"image":{"@id":"https:\/\/www.unither-pharma.com\/fr\/licensing-out\/medical-device\/#primaryimage"},"thumbnailUrl":"https:\/\/www.unither-pharma.com\/wp-content\/uploads\/2025\/12\/Banniere-web-25-scaled.jpg","datePublished":"2025-09-22T08:12:36+00:00","dateModified":"2026-01-29T10:27:32+00:00","description":"Licensing-out de dispositifs m\u00e9dicaux. Solutions cl\u00e9s en main avec marquage CE pour acc\u00e9l\u00e9rer vos lancements. Catalogue DM disponible.","breadcrumb":{"@id":"https:\/\/www.unither-pharma.com\/fr\/licensing-out\/medical-device\/#breadcrumb"},"inLanguage":"fr-FR","potentialAction":[{"@type":"ReadAction","target":["https:\/\/www.unither-pharma.com\/fr\/licensing-out\/medical-device\/"]}]},{"@type":"ImageObject","inLanguage":"fr-FR","@id":"https:\/\/www.unither-pharma.com\/fr\/licensing-out\/medical-device\/#primaryimage","url":"https:\/\/www.unither-pharma.com\/wp-content\/uploads\/2025\/12\/Banniere-web-25-scaled.jpg","contentUrl":"https:\/\/www.unither-pharma.com\/wp-content\/uploads\/2025\/12\/Banniere-web-25-scaled.jpg","width":2048,"height":885,"caption":"licensing out"},{"@type":"BreadcrumbList","@id":"https:\/\/www.unither-pharma.com\/fr\/licensing-out\/medical-device\/#breadcrumb","itemListElement":[{"@type":"ListItem","position":1,"name":"Home","item":"https:\/\/www.unither-pharma.com\/fr\/"},{"@type":"ListItem","position":2,"name":"Licensing out","item":"https:\/\/www.unither-pharma.com\/fr\/licensing-out\/"},{"@type":"ListItem","position":3,"name":"Dispositifs m\u00e9dicaux"}]},{"@type":"WebSite","@id":"https:\/\/www.unither-pharma.com\/fr\/#website","url":"https:\/\/www.unither-pharma.com\/fr\/","name":"Unither","description":"","publisher":{"@id":"https:\/\/www.unither-pharma.com\/fr\/#organization"},"potentialAction":[{"@type":"SearchAction","target":{"@type":"EntryPoint","urlTemplate":"https:\/\/www.unither-pharma.com\/fr\/?s={search_term_string}"},"query-input":{"@type":"PropertyValueSpecification","valueRequired":true,"valueName":"search_term_string"}}],"inLanguage":"fr-FR"},{"@type":"Organization","@id":"https:\/\/www.unither-pharma.com\/fr\/#organization","name":"Unither","url":"https:\/\/www.unither-pharma.com\/fr\/","logo":{"@type":"ImageObject","inLanguage":"fr-FR","@id":"https:\/\/www.unither-pharma.com\/fr\/#\/schema\/logo\/image\/","url":"https:\/\/www.unither-pharma.com\/wp-content\/uploads\/2026\/01\/logo-unither-pharmaceuticals-site-internet.png","contentUrl":"https:\/\/www.unither-pharma.com\/wp-content\/uploads\/2026\/01\/logo-unither-pharmaceuticals-site-internet.png","width":514,"height":252,"caption":"Unither"},"image":{"@id":"https:\/\/www.unither-pharma.com\/fr\/#\/schema\/logo\/image\/"},"sameAs":["https:\/\/x.com\/UnitherPharma","https:\/\/www.linkedin.com\/company\/unither-pharmaceuticals\/","https:\/\/www.youtube.com\/channel\/UCHaTbYrnICFU1MiLwNsKjMA"]}]}},"_links":{"self":[{"href":"https:\/\/www.unither-pharma.com\/fr\/wp-json\/wp\/v2\/pages\/23006","targetHints":{"allow":["GET"]}}],"collection":[{"href":"https:\/\/www.unither-pharma.com\/fr\/wp-json\/wp\/v2\/pages"}],"about":[{"href":"https:\/\/www.unither-pharma.com\/fr\/wp-json\/wp\/v2\/types\/page"}],"author":[{"embeddable":true,"href":"https:\/\/www.unither-pharma.com\/fr\/wp-json\/wp\/v2\/users\/1"}],"replies":[{"embeddable":true,"href":"https:\/\/www.unither-pharma.com\/fr\/wp-json\/wp\/v2\/comments?post=23006"}],"version-history":[{"count":38,"href":"https:\/\/www.unither-pharma.com\/fr\/wp-json\/wp\/v2\/pages\/23006\/revisions"}],"predecessor-version":[{"id":31193,"href":"https:\/\/www.unither-pharma.com\/fr\/wp-json\/wp\/v2\/pages\/23006\/revisions\/31193"}],"up":[{"embeddable":true,"href":"https:\/\/www.unither-pharma.com\/fr\/wp-json\/wp\/v2\/pages\/23004"}],"wp:featuredmedia":[{"embeddable":true,"href":"https:\/\/www.unither-pharma.com\/fr\/wp-json\/wp\/v2\/media\/27422"}],"wp:attachment":[{"href":"https:\/\/www.unither-pharma.com\/fr\/wp-json\/wp\/v2\/media?parent=23006"}],"wp:term":[{"taxonomy":"post_tag","embeddable":true,"href":"https:\/\/www.unither-pharma.com\/fr\/wp-json\/wp\/v2\/tags?post=23006"}],"curies":[{"name":"wp","href":"https:\/\/api.w.org\/{rel}","templated":true}]}}