{"id":23444,"date":"2025-09-26T15:08:33","date_gmt":"2025-09-26T13:08:33","guid":{"rendered":"https:\/\/www.unither-pharma.com\/?page_id=23444"},"modified":"2026-01-28T17:58:07","modified_gmt":"2026-01-28T16:58:07","slug":"fabrication-medicament-et-dispositif-medical-en-production-industrielle","status":"publish","type":"page","link":"https:\/\/www.unither-pharma.com\/fr\/fabrication\/fabrication-medicament-et-dispositif-medical-en-production-industrielle\/","title":{"rendered":"Fabrication en production industrielle"},"content":{"rendered":"","protected":false},"excerpt":{"rendered":"<p>CDMO experte en fabrication industrielle de m\u00e9dicaments et dispositifs m\u00e9dicaux : BFS st\u00e9rile, stick-packs liquides, flacons et sprays. <\/p>\n","protected":false},"author":1,"featured_media":27398,"parent":20313,"menu_order":0,"comment_status":"closed","ping_status":"closed","template":"","meta":{"_acf_changed":false,"footnotes":""},"tags":[],"class_list":["post-23444","page","type-page","status-publish","has-post-thumbnail","hentry"],"acf":[],"yoast_head":"<!-- This site is optimized with the Yoast SEO plugin v27.2 - https:\/\/yoast.com\/product\/yoast-seo-wordpress\/ -->\n<title>Fabrication industrielle \u00e0 grande \u00e9chelle | CDMO | Unither<\/title>\n<meta name=\"description\" content=\"Production de lots commerciaux pharmaceutiques \u00e0 grande \u00e9chelle. Capacit\u00e9s industrielles dimensionn\u00e9es. Technologies BFS, multidose, stick-packs. Sites GMP.\" \/>\n<meta name=\"robots\" content=\"index, follow, max-snippet:-1, max-image-preview:large, max-video-preview:-1\" \/>\n<link rel=\"canonical\" href=\"https:\/\/www.unither-pharma.com\/fr\/fabrication\/fabrication-medicament-et-dispositif-medical-en-production-industrielle\/\" \/>\n<meta property=\"og:locale\" content=\"fr_FR\" \/>\n<meta property=\"og:type\" content=\"article\" \/>\n<meta property=\"og:title\" content=\"Fabrication industrielle \u00e0 grande \u00e9chelle | CDMO | Unither\" \/>\n<meta property=\"og:description\" content=\"Production de lots commerciaux pharmaceutiques \u00e0 grande \u00e9chelle. Capacit\u00e9s industrielles dimensionn\u00e9es. Technologies BFS, multidose, stick-packs. Sites GMP.\" \/>\n<meta property=\"og:url\" content=\"https:\/\/www.unither-pharma.com\/fr\/fabrication\/fabrication-medicament-et-dispositif-medical-en-production-industrielle\/\" \/>\n<meta property=\"og:site_name\" content=\"Unither\" \/>\n<meta property=\"article:modified_time\" content=\"2026-01-28T16:58:07+00:00\" \/>\n<meta property=\"og:image\" content=\"https:\/\/www.unither-pharma.com\/wp-content\/uploads\/2025\/12\/Banniere-web-22-scaled.jpg\" \/>\n\t<meta property=\"og:image:width\" content=\"2048\" \/>\n\t<meta property=\"og:image:height\" content=\"885\" \/>\n\t<meta property=\"og:image:type\" content=\"image\/jpeg\" \/>\n<meta name=\"twitter:card\" content=\"summary_large_image\" \/>\n<meta name=\"twitter:site\" content=\"@UnitherPharma\" \/>\n<meta name=\"twitter:label1\" content=\"Dur\u00e9e de lecture estim\u00e9e\" \/>\n\t<meta name=\"twitter:data1\" content=\"1 minute\" \/>\n<script type=\"application\/ld+json\" class=\"yoast-schema-graph\">{\"@context\":\"https:\/\/schema.org\",\"@graph\":[{\"@type\":\"WebPage\",\"@id\":\"https:\/\/www.unither-pharma.com\/fr\/fabrication\/fabrication-medicament-et-dispositif-medical-en-production-industrielle\/\",\"url\":\"https:\/\/www.unither-pharma.com\/fr\/fabrication\/fabrication-medicament-et-dispositif-medical-en-production-industrielle\/\",\"name\":\"Fabrication industrielle \u00e0 grande \u00e9chelle | CDMO | Unither\",\"isPartOf\":{\"@id\":\"https:\/\/www.unither-pharma.com\/fr\/#website\"},\"primaryImageOfPage\":{\"@id\":\"https:\/\/www.unither-pharma.com\/fr\/fabrication\/fabrication-medicament-et-dispositif-medical-en-production-industrielle\/#primaryimage\"},\"image\":{\"@id\":\"https:\/\/www.unither-pharma.com\/fr\/fabrication\/fabrication-medicament-et-dispositif-medical-en-production-industrielle\/#primaryimage\"},\"thumbnailUrl\":\"https:\/\/www.unither-pharma.com\/wp-content\/uploads\/2025\/12\/Banniere-web-22-scaled.jpg\",\"datePublished\":\"2025-09-26T13:08:33+00:00\",\"dateModified\":\"2026-01-28T16:58:07+00:00\",\"description\":\"Production de lots commerciaux pharmaceutiques \u00e0 grande \u00e9chelle. Capacit\u00e9s industrielles dimensionn\u00e9es. Technologies BFS, multidose, stick-packs. Sites GMP.\",\"breadcrumb\":{\"@id\":\"https:\/\/www.unither-pharma.com\/fr\/fabrication\/fabrication-medicament-et-dispositif-medical-en-production-industrielle\/#breadcrumb\"},\"inLanguage\":\"fr-FR\",\"potentialAction\":[{\"@type\":\"ReadAction\",\"target\":[\"https:\/\/www.unither-pharma.com\/fr\/fabrication\/fabrication-medicament-et-dispositif-medical-en-production-industrielle\/\"]}]},{\"@type\":\"ImageObject\",\"inLanguage\":\"fr-FR\",\"@id\":\"https:\/\/www.unither-pharma.com\/fr\/fabrication\/fabrication-medicament-et-dispositif-medical-en-production-industrielle\/#primaryimage\",\"url\":\"https:\/\/www.unither-pharma.com\/wp-content\/uploads\/2025\/12\/Banniere-web-22-scaled.jpg\",\"contentUrl\":\"https:\/\/www.unither-pharma.com\/wp-content\/uploads\/2025\/12\/Banniere-web-22-scaled.jpg\",\"width\":2048,\"height\":885,\"caption\":\"Fabrication m\u00e9dicament\"},{\"@type\":\"BreadcrumbList\",\"@id\":\"https:\/\/www.unither-pharma.com\/fr\/fabrication\/fabrication-medicament-et-dispositif-medical-en-production-industrielle\/#breadcrumb\",\"itemListElement\":[{\"@type\":\"ListItem\",\"position\":1,\"name\":\"Home\",\"item\":\"https:\/\/www.unither-pharma.com\/fr\/\"},{\"@type\":\"ListItem\",\"position\":2,\"name\":\"Fabrication\",\"item\":\"https:\/\/www.unither-pharma.com\/fr\/fabrication\/\"},{\"@type\":\"ListItem\",\"position\":3,\"name\":\"Fabrication en production industrielle\"}]},{\"@type\":\"WebSite\",\"@id\":\"https:\/\/www.unither-pharma.com\/fr\/#website\",\"url\":\"https:\/\/www.unither-pharma.com\/fr\/\",\"name\":\"Unither\",\"description\":\"\",\"publisher\":{\"@id\":\"https:\/\/www.unither-pharma.com\/fr\/#organization\"},\"potentialAction\":[{\"@type\":\"SearchAction\",\"target\":{\"@type\":\"EntryPoint\",\"urlTemplate\":\"https:\/\/www.unither-pharma.com\/fr\/?s={search_term_string}\"},\"query-input\":{\"@type\":\"PropertyValueSpecification\",\"valueRequired\":true,\"valueName\":\"search_term_string\"}}],\"inLanguage\":\"fr-FR\"},{\"@type\":\"Organization\",\"@id\":\"https:\/\/www.unither-pharma.com\/fr\/#organization\",\"name\":\"Unither\",\"url\":\"https:\/\/www.unither-pharma.com\/fr\/\",\"logo\":{\"@type\":\"ImageObject\",\"inLanguage\":\"fr-FR\",\"@id\":\"https:\/\/www.unither-pharma.com\/fr\/#\/schema\/logo\/image\/\",\"url\":\"https:\/\/www.unither-pharma.com\/wp-content\/uploads\/2026\/01\/logo-unither-pharmaceuticals-site-internet.png\",\"contentUrl\":\"https:\/\/www.unither-pharma.com\/wp-content\/uploads\/2026\/01\/logo-unither-pharmaceuticals-site-internet.png\",\"width\":514,\"height\":252,\"caption\":\"Unither\"},\"image\":{\"@id\":\"https:\/\/www.unither-pharma.com\/fr\/#\/schema\/logo\/image\/\"},\"sameAs\":[\"https:\/\/x.com\/UnitherPharma\",\"https:\/\/www.linkedin.com\/company\/unither-pharmaceuticals\/\",\"https:\/\/www.youtube.com\/channel\/UCHaTbYrnICFU1MiLwNsKjMA\"]}]}<\/script>\n<!-- \/ Yoast SEO plugin. -->","yoast_head_json":{"title":"Fabrication industrielle \u00e0 grande \u00e9chelle | CDMO | Unither","description":"Production de lots commerciaux pharmaceutiques \u00e0 grande \u00e9chelle. Capacit\u00e9s industrielles dimensionn\u00e9es. Technologies BFS, multidose, stick-packs. Sites GMP.","robots":{"index":"index","follow":"follow","max-snippet":"max-snippet:-1","max-image-preview":"max-image-preview:large","max-video-preview":"max-video-preview:-1"},"canonical":"https:\/\/www.unither-pharma.com\/fr\/fabrication\/fabrication-medicament-et-dispositif-medical-en-production-industrielle\/","og_locale":"fr_FR","og_type":"article","og_title":"Fabrication industrielle \u00e0 grande \u00e9chelle | CDMO | Unither","og_description":"Production de lots commerciaux pharmaceutiques \u00e0 grande \u00e9chelle. Capacit\u00e9s industrielles dimensionn\u00e9es. Technologies BFS, multidose, stick-packs. Sites GMP.","og_url":"https:\/\/www.unither-pharma.com\/fr\/fabrication\/fabrication-medicament-et-dispositif-medical-en-production-industrielle\/","og_site_name":"Unither","article_modified_time":"2026-01-28T16:58:07+00:00","og_image":[{"width":2048,"height":885,"url":"https:\/\/www.unither-pharma.com\/wp-content\/uploads\/2025\/12\/Banniere-web-22-scaled.jpg","type":"image\/jpeg"}],"twitter_card":"summary_large_image","twitter_site":"@UnitherPharma","twitter_misc":{"Dur\u00e9e de lecture estim\u00e9e":"1 minute"},"schema":{"@context":"https:\/\/schema.org","@graph":[{"@type":"WebPage","@id":"https:\/\/www.unither-pharma.com\/fr\/fabrication\/fabrication-medicament-et-dispositif-medical-en-production-industrielle\/","url":"https:\/\/www.unither-pharma.com\/fr\/fabrication\/fabrication-medicament-et-dispositif-medical-en-production-industrielle\/","name":"Fabrication industrielle \u00e0 grande \u00e9chelle | CDMO | Unither","isPartOf":{"@id":"https:\/\/www.unither-pharma.com\/fr\/#website"},"primaryImageOfPage":{"@id":"https:\/\/www.unither-pharma.com\/fr\/fabrication\/fabrication-medicament-et-dispositif-medical-en-production-industrielle\/#primaryimage"},"image":{"@id":"https:\/\/www.unither-pharma.com\/fr\/fabrication\/fabrication-medicament-et-dispositif-medical-en-production-industrielle\/#primaryimage"},"thumbnailUrl":"https:\/\/www.unither-pharma.com\/wp-content\/uploads\/2025\/12\/Banniere-web-22-scaled.jpg","datePublished":"2025-09-26T13:08:33+00:00","dateModified":"2026-01-28T16:58:07+00:00","description":"Production de lots commerciaux pharmaceutiques \u00e0 grande \u00e9chelle. Capacit\u00e9s industrielles dimensionn\u00e9es. Technologies BFS, multidose, stick-packs. Sites GMP.","breadcrumb":{"@id":"https:\/\/www.unither-pharma.com\/fr\/fabrication\/fabrication-medicament-et-dispositif-medical-en-production-industrielle\/#breadcrumb"},"inLanguage":"fr-FR","potentialAction":[{"@type":"ReadAction","target":["https:\/\/www.unither-pharma.com\/fr\/fabrication\/fabrication-medicament-et-dispositif-medical-en-production-industrielle\/"]}]},{"@type":"ImageObject","inLanguage":"fr-FR","@id":"https:\/\/www.unither-pharma.com\/fr\/fabrication\/fabrication-medicament-et-dispositif-medical-en-production-industrielle\/#primaryimage","url":"https:\/\/www.unither-pharma.com\/wp-content\/uploads\/2025\/12\/Banniere-web-22-scaled.jpg","contentUrl":"https:\/\/www.unither-pharma.com\/wp-content\/uploads\/2025\/12\/Banniere-web-22-scaled.jpg","width":2048,"height":885,"caption":"Fabrication m\u00e9dicament"},{"@type":"BreadcrumbList","@id":"https:\/\/www.unither-pharma.com\/fr\/fabrication\/fabrication-medicament-et-dispositif-medical-en-production-industrielle\/#breadcrumb","itemListElement":[{"@type":"ListItem","position":1,"name":"Home","item":"https:\/\/www.unither-pharma.com\/fr\/"},{"@type":"ListItem","position":2,"name":"Fabrication","item":"https:\/\/www.unither-pharma.com\/fr\/fabrication\/"},{"@type":"ListItem","position":3,"name":"Fabrication en production industrielle"}]},{"@type":"WebSite","@id":"https:\/\/www.unither-pharma.com\/fr\/#website","url":"https:\/\/www.unither-pharma.com\/fr\/","name":"Unither","description":"","publisher":{"@id":"https:\/\/www.unither-pharma.com\/fr\/#organization"},"potentialAction":[{"@type":"SearchAction","target":{"@type":"EntryPoint","urlTemplate":"https:\/\/www.unither-pharma.com\/fr\/?s={search_term_string}"},"query-input":{"@type":"PropertyValueSpecification","valueRequired":true,"valueName":"search_term_string"}}],"inLanguage":"fr-FR"},{"@type":"Organization","@id":"https:\/\/www.unither-pharma.com\/fr\/#organization","name":"Unither","url":"https:\/\/www.unither-pharma.com\/fr\/","logo":{"@type":"ImageObject","inLanguage":"fr-FR","@id":"https:\/\/www.unither-pharma.com\/fr\/#\/schema\/logo\/image\/","url":"https:\/\/www.unither-pharma.com\/wp-content\/uploads\/2026\/01\/logo-unither-pharmaceuticals-site-internet.png","contentUrl":"https:\/\/www.unither-pharma.com\/wp-content\/uploads\/2026\/01\/logo-unither-pharmaceuticals-site-internet.png","width":514,"height":252,"caption":"Unither"},"image":{"@id":"https:\/\/www.unither-pharma.com\/fr\/#\/schema\/logo\/image\/"},"sameAs":["https:\/\/x.com\/UnitherPharma","https:\/\/www.linkedin.com\/company\/unither-pharmaceuticals\/","https:\/\/www.youtube.com\/channel\/UCHaTbYrnICFU1MiLwNsKjMA"]}]}},"_links":{"self":[{"href":"https:\/\/www.unither-pharma.com\/fr\/wp-json\/wp\/v2\/pages\/23444","targetHints":{"allow":["GET"]}}],"collection":[{"href":"https:\/\/www.unither-pharma.com\/fr\/wp-json\/wp\/v2\/pages"}],"about":[{"href":"https:\/\/www.unither-pharma.com\/fr\/wp-json\/wp\/v2\/types\/page"}],"author":[{"embeddable":true,"href":"https:\/\/www.unither-pharma.com\/fr\/wp-json\/wp\/v2\/users\/1"}],"replies":[{"embeddable":true,"href":"https:\/\/www.unither-pharma.com\/fr\/wp-json\/wp\/v2\/comments?post=23444"}],"version-history":[{"count":37,"href":"https:\/\/www.unither-pharma.com\/fr\/wp-json\/wp\/v2\/pages\/23444\/revisions"}],"predecessor-version":[{"id":30913,"href":"https:\/\/www.unither-pharma.com\/fr\/wp-json\/wp\/v2\/pages\/23444\/revisions\/30913"}],"up":[{"embeddable":true,"href":"https:\/\/www.unither-pharma.com\/fr\/wp-json\/wp\/v2\/pages\/20313"}],"wp:featuredmedia":[{"embeddable":true,"href":"https:\/\/www.unither-pharma.com\/fr\/wp-json\/wp\/v2\/media\/27398"}],"wp:attachment":[{"href":"https:\/\/www.unither-pharma.com\/fr\/wp-json\/wp\/v2\/media?parent=23444"}],"wp:term":[{"taxonomy":"post_tag","embeddable":true,"href":"https:\/\/www.unither-pharma.com\/fr\/wp-json\/wp\/v2\/tags?post=23444"}],"curies":[{"name":"wp","href":"https:\/\/api.w.org\/{rel}","templated":true}]}}