{"id":25061,"date":"2025-12-08T13:43:10","date_gmt":"2025-12-08T12:43:10","guid":{"rendered":"https:\/\/www.unither-pharma.com\/?page_id=25061"},"modified":"2026-03-18T14:47:14","modified_gmt":"2026-03-18T13:47:14","slug":"spray","status":"publish","type":"page","link":"https:\/\/www.unither-pharma.com\/fr\/par-technologie\/spray\/","title":{"rendered":"Spray"},"content":{"rendered":"","protected":false},"excerpt":{"rendered":"","protected":false},"author":3,"featured_media":25328,"parent":23012,"menu_order":0,"comment_status":"closed","ping_status":"closed","template":"","meta":{"_acf_changed":false,"footnotes":""},"tags":[76],"class_list":["post-25061","page","type-page","status-publish","has-post-thumbnail","hentry","tag-bfs"],"acf":[],"yoast_head":"<!-- This site is optimized with the Yoast SEO plugin v27.2 - https:\/\/yoast.com\/product\/yoast-seo-wordpress\/ -->\n<title>Spray Nasal Pharmaceutique | Fabrication ORL | Unither<\/title>\n<meta name=\"description\" content=\"Fabrication de sprays nasaux et oropharyng\u00e9s. Technologies de pulv\u00e9risation avanc\u00e9es pour traitements ORL. Dosage pr\u00e9cis et administration facile.\" \/>\n<meta name=\"robots\" content=\"index, follow, max-snippet:-1, max-image-preview:large, max-video-preview:-1\" \/>\n<link rel=\"canonical\" href=\"https:\/\/www.unither-pharma.com\/fr\/par-technologie\/spray\/\" \/>\n<meta property=\"og:locale\" content=\"fr_FR\" \/>\n<meta property=\"og:type\" content=\"article\" \/>\n<meta property=\"og:title\" content=\"Spray Nasal Pharmaceutique | Fabrication ORL | Unither\" \/>\n<meta property=\"og:description\" content=\"Fabrication de sprays nasaux et oropharyng\u00e9s. Technologies de pulv\u00e9risation avanc\u00e9es pour traitements ORL. Dosage pr\u00e9cis et administration facile.\" \/>\n<meta property=\"og:url\" content=\"https:\/\/www.unither-pharma.com\/fr\/par-technologie\/spray\/\" \/>\n<meta property=\"og:site_name\" content=\"Unither\" \/>\n<meta property=\"article:modified_time\" content=\"2026-03-18T13:47:14+00:00\" \/>\n<meta property=\"og:image\" content=\"https:\/\/www.unither-pharma.com\/wp-content\/uploads\/2025\/12\/Nos-solutions-technologies-spray-scaled.jpg\" \/>\n\t<meta property=\"og:image:width\" content=\"2048\" \/>\n\t<meta property=\"og:image:height\" content=\"885\" \/>\n\t<meta property=\"og:image:type\" content=\"image\/jpeg\" \/>\n<meta name=\"twitter:card\" content=\"summary_large_image\" \/>\n<meta name=\"twitter:site\" content=\"@UnitherPharma\" \/>\n<meta name=\"twitter:label1\" content=\"Dur\u00e9e de lecture estim\u00e9e\" \/>\n\t<meta name=\"twitter:data1\" content=\"1 minute\" \/>\n<script type=\"application\/ld+json\" class=\"yoast-schema-graph\">{\"@context\":\"https:\/\/schema.org\",\"@graph\":[{\"@type\":\"WebPage\",\"@id\":\"https:\/\/www.unither-pharma.com\/fr\/par-technologie\/spray\/\",\"url\":\"https:\/\/www.unither-pharma.com\/fr\/par-technologie\/spray\/\",\"name\":\"Spray Nasal Pharmaceutique | Fabrication ORL | Unither\",\"isPartOf\":{\"@id\":\"https:\/\/www.unither-pharma.com\/fr\/#website\"},\"primaryImageOfPage\":{\"@id\":\"https:\/\/www.unither-pharma.com\/fr\/par-technologie\/spray\/#primaryimage\"},\"image\":{\"@id\":\"https:\/\/www.unither-pharma.com\/fr\/par-technologie\/spray\/#primaryimage\"},\"thumbnailUrl\":\"https:\/\/www.unither-pharma.com\/wp-content\/uploads\/2025\/12\/Nos-solutions-technologies-spray-scaled.jpg\",\"datePublished\":\"2025-12-08T12:43:10+00:00\",\"dateModified\":\"2026-03-18T13:47:14+00:00\",\"description\":\"Fabrication de sprays nasaux et oropharyng\u00e9s. Technologies de pulv\u00e9risation avanc\u00e9es pour traitements ORL. Dosage pr\u00e9cis et administration facile.\",\"breadcrumb\":{\"@id\":\"https:\/\/www.unither-pharma.com\/fr\/par-technologie\/spray\/#breadcrumb\"},\"inLanguage\":\"fr-FR\",\"potentialAction\":[{\"@type\":\"ReadAction\",\"target\":[\"https:\/\/www.unither-pharma.com\/fr\/par-technologie\/spray\/\"]}]},{\"@type\":\"ImageObject\",\"inLanguage\":\"fr-FR\",\"@id\":\"https:\/\/www.unither-pharma.com\/fr\/par-technologie\/spray\/#primaryimage\",\"url\":\"https:\/\/www.unither-pharma.com\/wp-content\/uploads\/2025\/12\/Nos-solutions-technologies-spray-scaled.jpg\",\"contentUrl\":\"https:\/\/www.unither-pharma.com\/wp-content\/uploads\/2025\/12\/Nos-solutions-technologies-spray-scaled.jpg\",\"width\":2048,\"height\":885,\"caption\":\"Spray\"},{\"@type\":\"BreadcrumbList\",\"@id\":\"https:\/\/www.unither-pharma.com\/fr\/par-technologie\/spray\/#breadcrumb\",\"itemListElement\":[{\"@type\":\"ListItem\",\"position\":1,\"name\":\"Home\",\"item\":\"https:\/\/www.unither-pharma.com\/fr\/\"},{\"@type\":\"ListItem\",\"position\":2,\"name\":\"Par technologie\",\"item\":\"https:\/\/dev8.id-interactive.fr\/new_unither\/par-technologie\/\"},{\"@type\":\"ListItem\",\"position\":3,\"name\":\"Spray\"}]},{\"@type\":\"WebSite\",\"@id\":\"https:\/\/www.unither-pharma.com\/fr\/#website\",\"url\":\"https:\/\/www.unither-pharma.com\/fr\/\",\"name\":\"Unither\",\"description\":\"\",\"publisher\":{\"@id\":\"https:\/\/www.unither-pharma.com\/fr\/#organization\"},\"potentialAction\":[{\"@type\":\"SearchAction\",\"target\":{\"@type\":\"EntryPoint\",\"urlTemplate\":\"https:\/\/www.unither-pharma.com\/fr\/?s={search_term_string}\"},\"query-input\":{\"@type\":\"PropertyValueSpecification\",\"valueRequired\":true,\"valueName\":\"search_term_string\"}}],\"inLanguage\":\"fr-FR\"},{\"@type\":\"Organization\",\"@id\":\"https:\/\/www.unither-pharma.com\/fr\/#organization\",\"name\":\"Unither\",\"url\":\"https:\/\/www.unither-pharma.com\/fr\/\",\"logo\":{\"@type\":\"ImageObject\",\"inLanguage\":\"fr-FR\",\"@id\":\"https:\/\/www.unither-pharma.com\/fr\/#\/schema\/logo\/image\/\",\"url\":\"https:\/\/www.unither-pharma.com\/wp-content\/uploads\/2026\/01\/logo-unither-pharmaceuticals-site-internet.png\",\"contentUrl\":\"https:\/\/www.unither-pharma.com\/wp-content\/uploads\/2026\/01\/logo-unither-pharmaceuticals-site-internet.png\",\"width\":514,\"height\":252,\"caption\":\"Unither\"},\"image\":{\"@id\":\"https:\/\/www.unither-pharma.com\/fr\/#\/schema\/logo\/image\/\"},\"sameAs\":[\"https:\/\/x.com\/UnitherPharma\",\"https:\/\/www.linkedin.com\/company\/unither-pharmaceuticals\/\",\"https:\/\/www.youtube.com\/channel\/UCHaTbYrnICFU1MiLwNsKjMA\"]}]}<\/script>\n<!-- \/ Yoast SEO plugin. -->","yoast_head_json":{"title":"Spray Nasal Pharmaceutique | Fabrication ORL | Unither","description":"Fabrication de sprays nasaux et oropharyng\u00e9s. Technologies de pulv\u00e9risation avanc\u00e9es pour traitements ORL. Dosage pr\u00e9cis et administration facile.","robots":{"index":"index","follow":"follow","max-snippet":"max-snippet:-1","max-image-preview":"max-image-preview:large","max-video-preview":"max-video-preview:-1"},"canonical":"https:\/\/www.unither-pharma.com\/fr\/par-technologie\/spray\/","og_locale":"fr_FR","og_type":"article","og_title":"Spray Nasal Pharmaceutique | Fabrication ORL | Unither","og_description":"Fabrication de sprays nasaux et oropharyng\u00e9s. Technologies de pulv\u00e9risation avanc\u00e9es pour traitements ORL. Dosage pr\u00e9cis et administration facile.","og_url":"https:\/\/www.unither-pharma.com\/fr\/par-technologie\/spray\/","og_site_name":"Unither","article_modified_time":"2026-03-18T13:47:14+00:00","og_image":[{"width":2048,"height":885,"url":"https:\/\/www.unither-pharma.com\/wp-content\/uploads\/2025\/12\/Nos-solutions-technologies-spray-scaled.jpg","type":"image\/jpeg"}],"twitter_card":"summary_large_image","twitter_site":"@UnitherPharma","twitter_misc":{"Dur\u00e9e de lecture estim\u00e9e":"1 minute"},"schema":{"@context":"https:\/\/schema.org","@graph":[{"@type":"WebPage","@id":"https:\/\/www.unither-pharma.com\/fr\/par-technologie\/spray\/","url":"https:\/\/www.unither-pharma.com\/fr\/par-technologie\/spray\/","name":"Spray Nasal Pharmaceutique | Fabrication ORL | Unither","isPartOf":{"@id":"https:\/\/www.unither-pharma.com\/fr\/#website"},"primaryImageOfPage":{"@id":"https:\/\/www.unither-pharma.com\/fr\/par-technologie\/spray\/#primaryimage"},"image":{"@id":"https:\/\/www.unither-pharma.com\/fr\/par-technologie\/spray\/#primaryimage"},"thumbnailUrl":"https:\/\/www.unither-pharma.com\/wp-content\/uploads\/2025\/12\/Nos-solutions-technologies-spray-scaled.jpg","datePublished":"2025-12-08T12:43:10+00:00","dateModified":"2026-03-18T13:47:14+00:00","description":"Fabrication de sprays nasaux et oropharyng\u00e9s. Technologies de pulv\u00e9risation avanc\u00e9es pour traitements ORL. Dosage pr\u00e9cis et administration facile.","breadcrumb":{"@id":"https:\/\/www.unither-pharma.com\/fr\/par-technologie\/spray\/#breadcrumb"},"inLanguage":"fr-FR","potentialAction":[{"@type":"ReadAction","target":["https:\/\/www.unither-pharma.com\/fr\/par-technologie\/spray\/"]}]},{"@type":"ImageObject","inLanguage":"fr-FR","@id":"https:\/\/www.unither-pharma.com\/fr\/par-technologie\/spray\/#primaryimage","url":"https:\/\/www.unither-pharma.com\/wp-content\/uploads\/2025\/12\/Nos-solutions-technologies-spray-scaled.jpg","contentUrl":"https:\/\/www.unither-pharma.com\/wp-content\/uploads\/2025\/12\/Nos-solutions-technologies-spray-scaled.jpg","width":2048,"height":885,"caption":"Spray"},{"@type":"BreadcrumbList","@id":"https:\/\/www.unither-pharma.com\/fr\/par-technologie\/spray\/#breadcrumb","itemListElement":[{"@type":"ListItem","position":1,"name":"Home","item":"https:\/\/www.unither-pharma.com\/fr\/"},{"@type":"ListItem","position":2,"name":"Par technologie","item":"https:\/\/dev8.id-interactive.fr\/new_unither\/par-technologie\/"},{"@type":"ListItem","position":3,"name":"Spray"}]},{"@type":"WebSite","@id":"https:\/\/www.unither-pharma.com\/fr\/#website","url":"https:\/\/www.unither-pharma.com\/fr\/","name":"Unither","description":"","publisher":{"@id":"https:\/\/www.unither-pharma.com\/fr\/#organization"},"potentialAction":[{"@type":"SearchAction","target":{"@type":"EntryPoint","urlTemplate":"https:\/\/www.unither-pharma.com\/fr\/?s={search_term_string}"},"query-input":{"@type":"PropertyValueSpecification","valueRequired":true,"valueName":"search_term_string"}}],"inLanguage":"fr-FR"},{"@type":"Organization","@id":"https:\/\/www.unither-pharma.com\/fr\/#organization","name":"Unither","url":"https:\/\/www.unither-pharma.com\/fr\/","logo":{"@type":"ImageObject","inLanguage":"fr-FR","@id":"https:\/\/www.unither-pharma.com\/fr\/#\/schema\/logo\/image\/","url":"https:\/\/www.unither-pharma.com\/wp-content\/uploads\/2026\/01\/logo-unither-pharmaceuticals-site-internet.png","contentUrl":"https:\/\/www.unither-pharma.com\/wp-content\/uploads\/2026\/01\/logo-unither-pharmaceuticals-site-internet.png","width":514,"height":252,"caption":"Unither"},"image":{"@id":"https:\/\/www.unither-pharma.com\/fr\/#\/schema\/logo\/image\/"},"sameAs":["https:\/\/x.com\/UnitherPharma","https:\/\/www.linkedin.com\/company\/unither-pharmaceuticals\/","https:\/\/www.youtube.com\/channel\/UCHaTbYrnICFU1MiLwNsKjMA"]}]}},"_links":{"self":[{"href":"https:\/\/www.unither-pharma.com\/fr\/wp-json\/wp\/v2\/pages\/25061","targetHints":{"allow":["GET"]}}],"collection":[{"href":"https:\/\/www.unither-pharma.com\/fr\/wp-json\/wp\/v2\/pages"}],"about":[{"href":"https:\/\/www.unither-pharma.com\/fr\/wp-json\/wp\/v2\/types\/page"}],"author":[{"embeddable":true,"href":"https:\/\/www.unither-pharma.com\/fr\/wp-json\/wp\/v2\/users\/3"}],"replies":[{"embeddable":true,"href":"https:\/\/www.unither-pharma.com\/fr\/wp-json\/wp\/v2\/comments?post=25061"}],"version-history":[{"count":15,"href":"https:\/\/www.unither-pharma.com\/fr\/wp-json\/wp\/v2\/pages\/25061\/revisions"}],"predecessor-version":[{"id":32334,"href":"https:\/\/www.unither-pharma.com\/fr\/wp-json\/wp\/v2\/pages\/25061\/revisions\/32334"}],"up":[{"embeddable":true,"href":"https:\/\/www.unither-pharma.com\/fr\/wp-json\/wp\/v2\/pages\/23012"}],"wp:featuredmedia":[{"embeddable":true,"href":"https:\/\/www.unither-pharma.com\/fr\/wp-json\/wp\/v2\/media\/25328"}],"wp:attachment":[{"href":"https:\/\/www.unither-pharma.com\/fr\/wp-json\/wp\/v2\/media?parent=25061"}],"wp:term":[{"taxonomy":"post_tag","embeddable":true,"href":"https:\/\/www.unither-pharma.com\/fr\/wp-json\/wp\/v2\/tags?post=25061"}],"curies":[{"name":"wp","href":"https:\/\/api.w.org\/{rel}","templated":true}]}}