{"id":359,"date":"2025-07-03T15:23:13","date_gmt":"2025-07-03T13:23:13","guid":{"rendered":"https:\/\/www.unither-pharma.com\/?page_id=359"},"modified":"2026-02-04T16:52:04","modified_gmt":"2026-02-04T15:52:04","slug":"inspire-hub","status":"publish","type":"page","link":"https:\/\/www.unither-pharma.com\/fr\/inspire-hub\/","title":{"rendered":"Inspire Hub"},"content":{"rendered":"<p data-start=\"161\" data-end=\"376\">L\u2019Inspire Hub d\u2019Unither rassemble nos <strong data-start=\"199\" data-end=\"219\">contenus experts<\/strong> \u2014 articles, livres blancs, webinars et replays \u2014 pour partager notre savoir-faire et accompagner vos projets en d\u00e9veloppement et fabrication pharmaceutique.<\/p>\n<p>&nbsp;<\/p>\n<p data-start=\"378\" data-end=\"634\">Pour aller plus loin, <strong data-start=\"404\" data-end=\"418\">InnoSph\u00e8re<\/strong>, le podcast d\u2019Unither, ouvre le dialogue sur l\u2019innovation en sant\u00e9.<br data-start=\"486\" data-end=\"489\" \/>Bien plus qu\u2019un podcast, c\u2019est un espace pour comprendre les transformations du secteur, s\u2019inspirer et connecter les acteurs de l\u2019\u00e9cosyst\u00e8me.<\/p>\n<p data-start=\"636\" data-end=\"723\" data-is-last-node=\"\" data-is-only-node=\"\">Un lieu unique pour apprendre, s\u2019informer et anticiper l\u2019innovation pharmaceutique.<\/p>\n","protected":false},"excerpt":{"rendered":"<p>L\u2019Inspire Hub d\u2019Unither rassemble nos contenus experts \u2014 articles, livres blancs, webinars et replays \u2014 pour partager notre savoir-faire et accompagner vos projets en d\u00e9veloppement et fabrication pharmaceutique. &nbsp; Pour aller plus loin, InnoSph\u00e8re, le podcast d\u2019Unither, ouvre le dialogue sur l\u2019innovation en sant\u00e9.Bien plus qu\u2019un podcast, c\u2019est un espace pour comprendre les transformations du [&hellip;]<\/p>\n","protected":false},"author":1,"featured_media":29866,"parent":0,"menu_order":0,"comment_status":"closed","ping_status":"closed","template":"archive-publication.php","meta":{"_acf_changed":false,"footnotes":""},"tags":[],"class_list":["post-359","page","type-page","status-publish","has-post-thumbnail","hentry"],"acf":[],"yoast_head":"<!-- This site is optimized with the Yoast SEO plugin v27.2 - https:\/\/yoast.com\/product\/yoast-seo-wordpress\/ -->\n<title>Inspire Hub | Unither<\/title>\n<meta name=\"description\" content=\"Inspire Hub d&#039;Unither : articles experts, livres blancs, webinars et podcasts d\u00e9di\u00e9s \u00e0 l\u2019innovation et \u00e0 la fabrication pharmaceutique.\" \/>\n<meta name=\"robots\" content=\"index, follow, max-snippet:-1, max-image-preview:large, max-video-preview:-1\" \/>\n<link rel=\"canonical\" href=\"https:\/\/www.unither-pharma.com\/fr\/inspire-hub\/\" \/>\n<meta property=\"og:locale\" content=\"fr_FR\" \/>\n<meta property=\"og:type\" content=\"article\" \/>\n<meta property=\"og:title\" content=\"Inspire Hub | Unither\" \/>\n<meta property=\"og:description\" content=\"Inspire Hub d&#039;Unither : articles experts, livres blancs, webinars et podcasts d\u00e9di\u00e9s \u00e0 l\u2019innovation et \u00e0 la fabrication pharmaceutique.\" \/>\n<meta property=\"og:url\" content=\"https:\/\/www.unither-pharma.com\/fr\/inspire-hub\/\" \/>\n<meta property=\"og:site_name\" content=\"Unither\" \/>\n<meta property=\"article:modified_time\" content=\"2026-02-04T15:52:04+00:00\" \/>\n<meta property=\"og:image\" content=\"https:\/\/www.unither-pharma.com\/wp-content\/uploads\/2026\/01\/inspire-hub-3-scaled.jpg\" \/>\n\t<meta property=\"og:image:width\" content=\"2048\" \/>\n\t<meta property=\"og:image:height\" content=\"885\" \/>\n\t<meta property=\"og:image:type\" content=\"image\/jpeg\" \/>\n<meta name=\"twitter:card\" content=\"summary_large_image\" \/>\n<meta name=\"twitter:site\" content=\"@UnitherPharma\" \/>\n<meta name=\"twitter:label1\" content=\"Dur\u00e9e de lecture estim\u00e9e\" \/>\n\t<meta name=\"twitter:data1\" content=\"1 minute\" \/>\n<script type=\"application\/ld+json\" class=\"yoast-schema-graph\">{\"@context\":\"https:\/\/schema.org\",\"@graph\":[{\"@type\":\"WebPage\",\"@id\":\"https:\/\/www.unither-pharma.com\/fr\/inspire-hub\/\",\"url\":\"https:\/\/www.unither-pharma.com\/fr\/inspire-hub\/\",\"name\":\"Inspire Hub | Unither\",\"isPartOf\":{\"@id\":\"https:\/\/www.unither-pharma.com\/fr\/#website\"},\"primaryImageOfPage\":{\"@id\":\"https:\/\/www.unither-pharma.com\/fr\/inspire-hub\/#primaryimage\"},\"image\":{\"@id\":\"https:\/\/www.unither-pharma.com\/fr\/inspire-hub\/#primaryimage\"},\"thumbnailUrl\":\"https:\/\/www.unither-pharma.com\/wp-content\/uploads\/2026\/01\/inspire-hub-3-scaled.jpg\",\"datePublished\":\"2025-07-03T13:23:13+00:00\",\"dateModified\":\"2026-02-04T15:52:04+00:00\",\"description\":\"Inspire Hub d'Unither : articles experts, livres blancs, webinars et podcasts d\u00e9di\u00e9s \u00e0 l\u2019innovation et \u00e0 la fabrication pharmaceutique.\",\"breadcrumb\":{\"@id\":\"https:\/\/www.unither-pharma.com\/fr\/inspire-hub\/#breadcrumb\"},\"inLanguage\":\"fr-FR\",\"potentialAction\":[{\"@type\":\"ReadAction\",\"target\":[\"https:\/\/www.unither-pharma.com\/fr\/inspire-hub\/\"]}]},{\"@type\":\"ImageObject\",\"inLanguage\":\"fr-FR\",\"@id\":\"https:\/\/www.unither-pharma.com\/fr\/inspire-hub\/#primaryimage\",\"url\":\"https:\/\/www.unither-pharma.com\/wp-content\/uploads\/2026\/01\/inspire-hub-3-scaled.jpg\",\"contentUrl\":\"https:\/\/www.unither-pharma.com\/wp-content\/uploads\/2026\/01\/inspire-hub-3-scaled.jpg\",\"width\":2048,\"height\":885,\"caption\":\"inspire hub (3)\"},{\"@type\":\"BreadcrumbList\",\"@id\":\"https:\/\/www.unither-pharma.com\/fr\/inspire-hub\/#breadcrumb\",\"itemListElement\":[{\"@type\":\"ListItem\",\"position\":1,\"name\":\"Home\",\"item\":\"https:\/\/www.unither-pharma.com\/fr\/\"},{\"@type\":\"ListItem\",\"position\":2,\"name\":\"Inspire Hub\"}]},{\"@type\":\"WebSite\",\"@id\":\"https:\/\/www.unither-pharma.com\/fr\/#website\",\"url\":\"https:\/\/www.unither-pharma.com\/fr\/\",\"name\":\"Unither\",\"description\":\"\",\"publisher\":{\"@id\":\"https:\/\/www.unither-pharma.com\/fr\/#organization\"},\"potentialAction\":[{\"@type\":\"SearchAction\",\"target\":{\"@type\":\"EntryPoint\",\"urlTemplate\":\"https:\/\/www.unither-pharma.com\/fr\/?s={search_term_string}\"},\"query-input\":{\"@type\":\"PropertyValueSpecification\",\"valueRequired\":true,\"valueName\":\"search_term_string\"}}],\"inLanguage\":\"fr-FR\"},{\"@type\":\"Organization\",\"@id\":\"https:\/\/www.unither-pharma.com\/fr\/#organization\",\"name\":\"Unither\",\"url\":\"https:\/\/www.unither-pharma.com\/fr\/\",\"logo\":{\"@type\":\"ImageObject\",\"inLanguage\":\"fr-FR\",\"@id\":\"https:\/\/www.unither-pharma.com\/fr\/#\/schema\/logo\/image\/\",\"url\":\"https:\/\/www.unither-pharma.com\/wp-content\/uploads\/2026\/01\/logo-unither-pharmaceuticals-site-internet.png\",\"contentUrl\":\"https:\/\/www.unither-pharma.com\/wp-content\/uploads\/2026\/01\/logo-unither-pharmaceuticals-site-internet.png\",\"width\":514,\"height\":252,\"caption\":\"Unither\"},\"image\":{\"@id\":\"https:\/\/www.unither-pharma.com\/fr\/#\/schema\/logo\/image\/\"},\"sameAs\":[\"https:\/\/x.com\/UnitherPharma\",\"https:\/\/www.linkedin.com\/company\/unither-pharmaceuticals\/\",\"https:\/\/www.youtube.com\/channel\/UCHaTbYrnICFU1MiLwNsKjMA\"]}]}<\/script>\n<!-- \/ Yoast SEO plugin. -->","yoast_head_json":{"title":"Inspire Hub | Unither","description":"Inspire Hub d'Unither : articles experts, livres blancs, webinars et podcasts d\u00e9di\u00e9s \u00e0 l\u2019innovation et \u00e0 la fabrication pharmaceutique.","robots":{"index":"index","follow":"follow","max-snippet":"max-snippet:-1","max-image-preview":"max-image-preview:large","max-video-preview":"max-video-preview:-1"},"canonical":"https:\/\/www.unither-pharma.com\/fr\/inspire-hub\/","og_locale":"fr_FR","og_type":"article","og_title":"Inspire Hub | Unither","og_description":"Inspire Hub d'Unither : articles experts, livres blancs, webinars et podcasts d\u00e9di\u00e9s \u00e0 l\u2019innovation et \u00e0 la fabrication pharmaceutique.","og_url":"https:\/\/www.unither-pharma.com\/fr\/inspire-hub\/","og_site_name":"Unither","article_modified_time":"2026-02-04T15:52:04+00:00","og_image":[{"width":2048,"height":885,"url":"https:\/\/www.unither-pharma.com\/wp-content\/uploads\/2026\/01\/inspire-hub-3-scaled.jpg","type":"image\/jpeg"}],"twitter_card":"summary_large_image","twitter_site":"@UnitherPharma","twitter_misc":{"Dur\u00e9e de lecture estim\u00e9e":"1 minute"},"schema":{"@context":"https:\/\/schema.org","@graph":[{"@type":"WebPage","@id":"https:\/\/www.unither-pharma.com\/fr\/inspire-hub\/","url":"https:\/\/www.unither-pharma.com\/fr\/inspire-hub\/","name":"Inspire Hub | Unither","isPartOf":{"@id":"https:\/\/www.unither-pharma.com\/fr\/#website"},"primaryImageOfPage":{"@id":"https:\/\/www.unither-pharma.com\/fr\/inspire-hub\/#primaryimage"},"image":{"@id":"https:\/\/www.unither-pharma.com\/fr\/inspire-hub\/#primaryimage"},"thumbnailUrl":"https:\/\/www.unither-pharma.com\/wp-content\/uploads\/2026\/01\/inspire-hub-3-scaled.jpg","datePublished":"2025-07-03T13:23:13+00:00","dateModified":"2026-02-04T15:52:04+00:00","description":"Inspire Hub d'Unither : articles experts, livres blancs, webinars et podcasts d\u00e9di\u00e9s \u00e0 l\u2019innovation et \u00e0 la fabrication pharmaceutique.","breadcrumb":{"@id":"https:\/\/www.unither-pharma.com\/fr\/inspire-hub\/#breadcrumb"},"inLanguage":"fr-FR","potentialAction":[{"@type":"ReadAction","target":["https:\/\/www.unither-pharma.com\/fr\/inspire-hub\/"]}]},{"@type":"ImageObject","inLanguage":"fr-FR","@id":"https:\/\/www.unither-pharma.com\/fr\/inspire-hub\/#primaryimage","url":"https:\/\/www.unither-pharma.com\/wp-content\/uploads\/2026\/01\/inspire-hub-3-scaled.jpg","contentUrl":"https:\/\/www.unither-pharma.com\/wp-content\/uploads\/2026\/01\/inspire-hub-3-scaled.jpg","width":2048,"height":885,"caption":"inspire hub (3)"},{"@type":"BreadcrumbList","@id":"https:\/\/www.unither-pharma.com\/fr\/inspire-hub\/#breadcrumb","itemListElement":[{"@type":"ListItem","position":1,"name":"Home","item":"https:\/\/www.unither-pharma.com\/fr\/"},{"@type":"ListItem","position":2,"name":"Inspire Hub"}]},{"@type":"WebSite","@id":"https:\/\/www.unither-pharma.com\/fr\/#website","url":"https:\/\/www.unither-pharma.com\/fr\/","name":"Unither","description":"","publisher":{"@id":"https:\/\/www.unither-pharma.com\/fr\/#organization"},"potentialAction":[{"@type":"SearchAction","target":{"@type":"EntryPoint","urlTemplate":"https:\/\/www.unither-pharma.com\/fr\/?s={search_term_string}"},"query-input":{"@type":"PropertyValueSpecification","valueRequired":true,"valueName":"search_term_string"}}],"inLanguage":"fr-FR"},{"@type":"Organization","@id":"https:\/\/www.unither-pharma.com\/fr\/#organization","name":"Unither","url":"https:\/\/www.unither-pharma.com\/fr\/","logo":{"@type":"ImageObject","inLanguage":"fr-FR","@id":"https:\/\/www.unither-pharma.com\/fr\/#\/schema\/logo\/image\/","url":"https:\/\/www.unither-pharma.com\/wp-content\/uploads\/2026\/01\/logo-unither-pharmaceuticals-site-internet.png","contentUrl":"https:\/\/www.unither-pharma.com\/wp-content\/uploads\/2026\/01\/logo-unither-pharmaceuticals-site-internet.png","width":514,"height":252,"caption":"Unither"},"image":{"@id":"https:\/\/www.unither-pharma.com\/fr\/#\/schema\/logo\/image\/"},"sameAs":["https:\/\/x.com\/UnitherPharma","https:\/\/www.linkedin.com\/company\/unither-pharmaceuticals\/","https:\/\/www.youtube.com\/channel\/UCHaTbYrnICFU1MiLwNsKjMA"]}]}},"_links":{"self":[{"href":"https:\/\/www.unither-pharma.com\/fr\/wp-json\/wp\/v2\/pages\/359","targetHints":{"allow":["GET"]}}],"collection":[{"href":"https:\/\/www.unither-pharma.com\/fr\/wp-json\/wp\/v2\/pages"}],"about":[{"href":"https:\/\/www.unither-pharma.com\/fr\/wp-json\/wp\/v2\/types\/page"}],"author":[{"embeddable":true,"href":"https:\/\/www.unither-pharma.com\/fr\/wp-json\/wp\/v2\/users\/1"}],"replies":[{"embeddable":true,"href":"https:\/\/www.unither-pharma.com\/fr\/wp-json\/wp\/v2\/comments?post=359"}],"version-history":[{"count":17,"href":"https:\/\/www.unither-pharma.com\/fr\/wp-json\/wp\/v2\/pages\/359\/revisions"}],"predecessor-version":[{"id":31784,"href":"https:\/\/www.unither-pharma.com\/fr\/wp-json\/wp\/v2\/pages\/359\/revisions\/31784"}],"wp:featuredmedia":[{"embeddable":true,"href":"https:\/\/www.unither-pharma.com\/fr\/wp-json\/wp\/v2\/media\/29866"}],"wp:attachment":[{"href":"https:\/\/www.unither-pharma.com\/fr\/wp-json\/wp\/v2\/media?parent=359"}],"wp:term":[{"taxonomy":"post_tag","embeddable":true,"href":"https:\/\/www.unither-pharma.com\/fr\/wp-json\/wp\/v2\/tags?post=359"}],"curies":[{"name":"wp","href":"https:\/\/api.w.org\/{rel}","templated":true}]}}